{"id":279,"date":"2019-03-28T12:07:45","date_gmt":"2019-03-28T12:07:45","guid":{"rendered":"http:\/\/redsul.com.br\/rs\/?post_type=product&#038;p=279"},"modified":"2024-11-12T20:21:38","modified_gmt":"2024-11-12T20:21:38","slug":"suspensao-de-alumina-super-concetrada-n-04","status":"publish","type":"product","link":"https:\/\/redsul.com.br\/rs\/product\/suspensao-de-alumina-super-concetrada-n-04\/","title":{"rendered":"Suspens\u00e3o de Alumina SUPER 4"},"content":{"rendered":"<div id=\"dslc-theme-content\"><div id=\"dslc-theme-content-inner\"><\/div><\/div>","protected":false},"excerpt":{"rendered":"<p class=\"m_6297070192816528167MsoListParagraph\">.\u00a0 \u00a0 \u00a0 \u00a0Alumina em suspens\u00e3o super concentrada, ref. Alumina Super 4, marca Redsul<\/p>\n<p class=\"m_6297070192816528167MsoListParagraph\">.\u00a0 \u00a0 \u00a0 \u00a0Granulometria de\u00a01\u00a0micron, cor azul, embalagem 1 litro<\/p>\n<p class=\"m_6297070192816528167MsoListParagraph\"><u><\/u>.\u00a0 \u00a0 \u00a0 \u00a0Aplica\u00e7\u00e3o : polimento de metalogr\u00e1fico<\/p>\n<p>.\u00a0 \u00a0 \u00a0 \u00a0Valor Unit\u00e1rio : R$ 145,00<\/p>\n","protected":false},"featured_media":737,"comment_status":"open","ping_status":"closed","template":"","meta":[],"product_cat":[34,40],"product_tag":[76,87],"jetpack_sharing_enabled":true,"_links":{"self":[{"href":"https:\/\/redsul.com.br\/rs\/wp-json\/wp\/v2\/product\/279"}],"collection":[{"href":"https:\/\/redsul.com.br\/rs\/wp-json\/wp\/v2\/product"}],"about":[{"href":"https:\/\/redsul.com.br\/rs\/wp-json\/wp\/v2\/types\/product"}],"replies":[{"embeddable":true,"href":"https:\/\/redsul.com.br\/rs\/wp-json\/wp\/v2\/comments?post=279"}],"wp:featuredmedia":[{"embeddable":true,"href":"https:\/\/redsul.com.br\/rs\/wp-json\/wp\/v2\/media\/737"}],"wp:attachment":[{"href":"https:\/\/redsul.com.br\/rs\/wp-json\/wp\/v2\/media?parent=279"}],"wp:term":[{"taxonomy":"product_cat","embeddable":true,"href":"https:\/\/redsul.com.br\/rs\/wp-json\/wp\/v2\/product_cat?post=279"},{"taxonomy":"product_tag","embeddable":true,"href":"https:\/\/redsul.com.br\/rs\/wp-json\/wp\/v2\/product_tag?post=279"}],"curies":[{"name":"wp","href":"https:\/\/api.w.org\/{rel}","templated":true}]}}