{"id":282,"date":"2019-03-28T12:11:01","date_gmt":"2019-03-28T12:11:01","guid":{"rendered":"http:\/\/redsul.com.br\/rs\/?post_type=product&#038;p=282"},"modified":"2024-11-12T20:21:27","modified_gmt":"2024-11-12T20:21:27","slug":"suspensao-de-alumina-super-concetrada-n-03","status":"publish","type":"product","link":"https:\/\/redsul.com.br\/rs\/product\/suspensao-de-alumina-super-concetrada-n-03\/","title":{"rendered":"Suspens\u00e3o de Alumina SUPER 3"},"content":{"rendered":"<div id=\"dslc-theme-content\"><div id=\"dslc-theme-content-inner\"><\/div><\/div>","protected":false},"excerpt":{"rendered":"<p class=\"m_-4005821075691272857MsoListParagraph\">.\u00a0 \u00a0 \u00a0 Alumina em suspens\u00e3o super concentrada, ref. Alumina Super 3, marca Redsul<\/p>\n<p class=\"m_-4005821075691272857MsoListParagraph\">.\u00a0 \u00a0 \u00a0 Granulometria de 0,5 microns, cor vermelha, embalagem 1 litro<u><\/u><\/p>\n<p class=\"m_-4005821075691272857MsoListParagraph\"><u><\/u>.\u00a0 \u00a0 \u00a0 Aplica\u00e7\u00e3o : polimento de metalogr\u00e1fico<\/p>\n<p>.\u00a0 \u00a0 \u00a0 Valor Unit\u00e1rio : R$ 145,00<\/p>\n","protected":false},"featured_media":736,"comment_status":"open","ping_status":"closed","template":"","meta":[],"product_cat":[34,40],"product_tag":[74,87],"jetpack_sharing_enabled":true,"_links":{"self":[{"href":"https:\/\/redsul.com.br\/rs\/wp-json\/wp\/v2\/product\/282"}],"collection":[{"href":"https:\/\/redsul.com.br\/rs\/wp-json\/wp\/v2\/product"}],"about":[{"href":"https:\/\/redsul.com.br\/rs\/wp-json\/wp\/v2\/types\/product"}],"replies":[{"embeddable":true,"href":"https:\/\/redsul.com.br\/rs\/wp-json\/wp\/v2\/comments?post=282"}],"wp:featuredmedia":[{"embeddable":true,"href":"https:\/\/redsul.com.br\/rs\/wp-json\/wp\/v2\/media\/736"}],"wp:attachment":[{"href":"https:\/\/redsul.com.br\/rs\/wp-json\/wp\/v2\/media?parent=282"}],"wp:term":[{"taxonomy":"product_cat","embeddable":true,"href":"https:\/\/redsul.com.br\/rs\/wp-json\/wp\/v2\/product_cat?post=282"},{"taxonomy":"product_tag","embeddable":true,"href":"https:\/\/redsul.com.br\/rs\/wp-json\/wp\/v2\/product_tag?post=282"}],"curies":[{"name":"wp","href":"https:\/\/api.w.org\/{rel}","templated":true}]}}