{"id":288,"date":"2019-03-28T12:18:13","date_gmt":"2019-03-28T12:18:13","guid":{"rendered":"http:\/\/redsul.com.br\/rs\/?post_type=product&#038;p=288"},"modified":"2025-04-15T13:37:11","modified_gmt":"2025-04-15T13:37:11","slug":"pano-de-polimento","status":"publish","type":"product","link":"https:\/\/redsul.com.br\/rs\/product\/pano-de-polimento\/","title":{"rendered":"Pano de Polimento com Alumina PPA-EM"},"content":{"rendered":"<div id=\"dslc-theme-content\"><div id=\"dslc-theme-content-inner\"><\/div><\/div>","protected":false},"excerpt":{"rendered":"<p class=\"m_7981401523139716414MsoListParagraph\">\u00a0.\u00a0 \u00a0 \u00a0<u><\/u>Pano de polimento extra macio, cor cinza escuro, ref. PPA-EM, marca Redsul<\/p>\n<p class=\"m_7981401523139716414MsoListParagraph\">.\u00a0 \u00a0 \u00a0 Di\u00e2metro 200 mm, costa adesiva , pacote com 5 unidades<u><\/u><\/p>\n<p class=\"m_7981401523139716414MsoListParagraph\"><u><\/u>.\u00a0 \u00a0 \u00a0 Aplica\u00e7\u00e3o : polimento metalogr\u00e1fico com alumina<\/p>\n<p class=\"m_7981401523139716414MsoListParagraph\"><u><\/u>.\u00a0 \u00a0 \u00a0Valor do Pacote: R$ 155,00<\/p>\n","protected":false},"featured_media":743,"comment_status":"open","ping_status":"closed","template":"","meta":[],"product_cat":[34,40],"product_tag":[87,89,88],"jetpack_sharing_enabled":true,"_links":{"self":[{"href":"https:\/\/redsul.com.br\/rs\/wp-json\/wp\/v2\/product\/288"}],"collection":[{"href":"https:\/\/redsul.com.br\/rs\/wp-json\/wp\/v2\/product"}],"about":[{"href":"https:\/\/redsul.com.br\/rs\/wp-json\/wp\/v2\/types\/product"}],"replies":[{"embeddable":true,"href":"https:\/\/redsul.com.br\/rs\/wp-json\/wp\/v2\/comments?post=288"}],"wp:featuredmedia":[{"embeddable":true,"href":"https:\/\/redsul.com.br\/rs\/wp-json\/wp\/v2\/media\/743"}],"wp:attachment":[{"href":"https:\/\/redsul.com.br\/rs\/wp-json\/wp\/v2\/media?parent=288"}],"wp:term":[{"taxonomy":"product_cat","embeddable":true,"href":"https:\/\/redsul.com.br\/rs\/wp-json\/wp\/v2\/product_cat?post=288"},{"taxonomy":"product_tag","embeddable":true,"href":"https:\/\/redsul.com.br\/rs\/wp-json\/wp\/v2\/product_tag?post=288"}],"curies":[{"name":"wp","href":"https:\/\/api.w.org\/{rel}","templated":true}]}}