{"id":290,"date":"2019-03-28T12:21:01","date_gmt":"2019-03-28T12:21:01","guid":{"rendered":"http:\/\/redsul.com.br\/rs\/?post_type=product&#038;p=290"},"modified":"2023-07-10T17:42:22","modified_gmt":"2023-07-10T17:42:22","slug":"pasta-de-diamante-9-micron","status":"publish","type":"product","link":"https:\/\/redsul.com.br\/rs\/product\/pasta-de-diamante-9-micron\/","title":{"rendered":"Pasta de Diamante 9 Microns"},"content":{"rendered":"<div id=\"dslc-theme-content\"><div id=\"dslc-theme-content-inner\"><\/div><\/div>","protected":false},"excerpt":{"rendered":"<p class=\"m_3330211935629706950MsoListParagraph\">.\u00a0 \u00a0 \u00a0 Pasta de diamante, ref. PD 9, marca Redsul<\/p>\n<p class=\"m_3330211935629706950MsoListParagraph\">.\u00a0 \u00a0 \u00a0 Granulometria de 9 micron , embalagem 6 gramas<u><\/u><\/p>\n<p class=\"m_3330211935629706950MsoListParagraph\"><u><\/u>.\u00a0 \u00a0 \u00a0 Aplica\u00e7\u00e3o : polimento metalogr\u00e1fico<\/p>\n<p>.\u00a0 \u00a0 \u00a0 Valor Unit\u00e1rio: R$ 90,00<\/p>\n<p><em>FOTO MERAMENTE ILUSTRATIVA<\/em><\/p>\n","protected":false},"featured_media":291,"comment_status":"open","ping_status":"closed","template":"","meta":[],"product_cat":[34,40],"product_tag":[87,58,88],"jetpack_sharing_enabled":true,"_links":{"self":[{"href":"https:\/\/redsul.com.br\/rs\/wp-json\/wp\/v2\/product\/290"}],"collection":[{"href":"https:\/\/redsul.com.br\/rs\/wp-json\/wp\/v2\/product"}],"about":[{"href":"https:\/\/redsul.com.br\/rs\/wp-json\/wp\/v2\/types\/product"}],"replies":[{"embeddable":true,"href":"https:\/\/redsul.com.br\/rs\/wp-json\/wp\/v2\/comments?post=290"}],"wp:featuredmedia":[{"embeddable":true,"href":"https:\/\/redsul.com.br\/rs\/wp-json\/wp\/v2\/media\/291"}],"wp:attachment":[{"href":"https:\/\/redsul.com.br\/rs\/wp-json\/wp\/v2\/media?parent=290"}],"wp:term":[{"taxonomy":"product_cat","embeddable":true,"href":"https:\/\/redsul.com.br\/rs\/wp-json\/wp\/v2\/product_cat?post=290"},{"taxonomy":"product_tag","embeddable":true,"href":"https:\/\/redsul.com.br\/rs\/wp-json\/wp\/v2\/product_tag?post=290"}],"curies":[{"name":"wp","href":"https:\/\/api.w.org\/{rel}","templated":true}]}}