{"id":292,"date":"2019-03-28T12:22:43","date_gmt":"2019-03-28T12:22:43","guid":{"rendered":"http:\/\/redsul.com.br\/rs\/?post_type=product&#038;p=292"},"modified":"2023-07-10T17:41:41","modified_gmt":"2023-07-10T17:41:41","slug":"pasta-de-diamante-6-micron","status":"publish","type":"product","link":"https:\/\/redsul.com.br\/rs\/product\/pasta-de-diamante-6-micron\/","title":{"rendered":"Pasta de Diamante 6 Microns"},"content":{"rendered":"<div id=\"dslc-theme-content\"><div id=\"dslc-theme-content-inner\"><\/div><\/div>","protected":false},"excerpt":{"rendered":"<p class=\"m_-2986041119506497447MsoListParagraph\">.\u00a0 \u00a0 \u00a0 Pasta de diamante, ref. PD 6, marca Redsul<\/p>\n<p class=\"m_-2986041119506497447MsoListParagraph\">.\u00a0 \u00a0 \u00a0 Granulometria de 6 microns , embalagem 6 gramas<u><\/u><\/p>\n<p class=\"m_-2986041119506497447MsoListParagraph\"><u><\/u>.\u00a0 \u00a0 \u00a0 Aplica\u00e7\u00e3o : polimento metalogr\u00e1fico<u><\/u><u><\/u><\/p>\n<p class=\"m_-2986041119506497447MsoListParagraph\"><u><\/u>.\u00a0 \u00a0 \u00a0 Valor Unit\u00e1rio: R$ 90,00<\/p>\n<p><em>FOTO MERAMENTE ILUSTRATIVA<\/em><\/p>\n","protected":false},"featured_media":291,"comment_status":"open","ping_status":"closed","template":"","meta":[],"product_cat":[34,40],"product_tag":[87,58,88],"jetpack_sharing_enabled":true,"_links":{"self":[{"href":"https:\/\/redsul.com.br\/rs\/wp-json\/wp\/v2\/product\/292"}],"collection":[{"href":"https:\/\/redsul.com.br\/rs\/wp-json\/wp\/v2\/product"}],"about":[{"href":"https:\/\/redsul.com.br\/rs\/wp-json\/wp\/v2\/types\/product"}],"replies":[{"embeddable":true,"href":"https:\/\/redsul.com.br\/rs\/wp-json\/wp\/v2\/comments?post=292"}],"wp:featuredmedia":[{"embeddable":true,"href":"https:\/\/redsul.com.br\/rs\/wp-json\/wp\/v2\/media\/291"}],"wp:attachment":[{"href":"https:\/\/redsul.com.br\/rs\/wp-json\/wp\/v2\/media?parent=292"}],"wp:term":[{"taxonomy":"product_cat","embeddable":true,"href":"https:\/\/redsul.com.br\/rs\/wp-json\/wp\/v2\/product_cat?post=292"},{"taxonomy":"product_tag","embeddable":true,"href":"https:\/\/redsul.com.br\/rs\/wp-json\/wp\/v2\/product_tag?post=292"}],"curies":[{"name":"wp","href":"https:\/\/api.w.org\/{rel}","templated":true}]}}