{"id":307,"date":"2019-03-28T12:52:07","date_gmt":"2019-03-28T12:52:07","guid":{"rendered":"http:\/\/redsul.com.br\/rs\/?post_type=product&#038;p=307"},"modified":"2025-04-15T13:36:44","modified_gmt":"2025-04-15T13:36:44","slug":"diapol","status":"publish","type":"product","link":"https:\/\/redsul.com.br\/rs\/product\/diapol\/","title":{"rendered":"Lubrificante para Polimento DIAPOL"},"content":{"rendered":"<div id=\"dslc-theme-content\"><div id=\"dslc-theme-content-inner\"><\/div><\/div>","protected":false},"excerpt":{"rendered":"<p class=\"m_-7313404491615840372MsoListParagraph\">.\u00a0 \u00a0 \u00a0 \u00a0Lubrificante a base de \u00e1lcool, cor azul, embalagem 1 litro, ref. Diapol, marca Redsul<u><\/u><u><\/u><\/p>\n<p class=\"m_-7313404491615840372MsoListParagraph\"><u><\/u>.\u00a0 \u00a0 \u00a0 \u00a0Aplica\u00e7\u00e3o : polimento metalogr\u00e1fico\u00a0 de materiais ferrosos com diamante<u><\/u><\/p>\n<p class=\"m_-7313404491615840372MsoListParagraph\"><u><\/u>.\u00a0 \u00a0 \u00a0 \u00a0Valor Unit\u00e1rio: R$ 120,00<\/p>\n","protected":false},"featured_media":729,"comment_status":"open","ping_status":"closed","template":"","meta":[],"product_cat":[34,40],"product_tag":[80,63,88],"jetpack_sharing_enabled":true,"_links":{"self":[{"href":"https:\/\/redsul.com.br\/rs\/wp-json\/wp\/v2\/product\/307"}],"collection":[{"href":"https:\/\/redsul.com.br\/rs\/wp-json\/wp\/v2\/product"}],"about":[{"href":"https:\/\/redsul.com.br\/rs\/wp-json\/wp\/v2\/types\/product"}],"replies":[{"embeddable":true,"href":"https:\/\/redsul.com.br\/rs\/wp-json\/wp\/v2\/comments?post=307"}],"wp:featuredmedia":[{"embeddable":true,"href":"https:\/\/redsul.com.br\/rs\/wp-json\/wp\/v2\/media\/729"}],"wp:attachment":[{"href":"https:\/\/redsul.com.br\/rs\/wp-json\/wp\/v2\/media?parent=307"}],"wp:term":[{"taxonomy":"product_cat","embeddable":true,"href":"https:\/\/redsul.com.br\/rs\/wp-json\/wp\/v2\/product_cat?post=307"},{"taxonomy":"product_tag","embeddable":true,"href":"https:\/\/redsul.com.br\/rs\/wp-json\/wp\/v2\/product_tag?post=307"}],"curies":[{"name":"wp","href":"https:\/\/api.w.org\/{rel}","templated":true}]}}