{"id":309,"date":"2019-03-28T12:55:53","date_gmt":"2019-03-28T12:55:53","guid":{"rendered":"http:\/\/redsul.com.br\/rs\/?post_type=product&#038;p=309"},"modified":"2024-11-12T20:20:30","modified_gmt":"2024-11-12T20:20:30","slug":"suspensao-de-alumina-n-02","status":"publish","type":"product","link":"https:\/\/redsul.com.br\/rs\/product\/suspensao-de-alumina-n-02\/","title":{"rendered":"Suspens\u00e3o de Alumina 2"},"content":{"rendered":"<div id=\"dslc-theme-content\"><div id=\"dslc-theme-content-inner\"><\/div><\/div>","protected":false},"excerpt":{"rendered":"<p class=\"m_6349833186014227985MsoListParagraph\">.\u00a0 \u00a0 \u00a0 \u00a0<u><\/u>Alumina em suspens\u00e3o, ref. Alumina 2, marca Redsul<u><\/u><u><\/u><\/p>\n<p>.\u00a0 \u00a0 \u00a0 \u00a0Granulometria 0,03 microns, cor branca, embalagem 1 litro<\/p>\n<p class=\"m_6349833186014227985MsoListParagraph\"><u><\/u>.\u00a0 \u00a0 \u00a0 \u00a0Aplica\u00e7\u00e3o : polimento metalogr\u00e1fico<u><\/u><u><\/u><\/p>\n<p class=\"m_6349833186014227985MsoListParagraph\"><u><\/u>.\u00a0 \u00a0 \u00a0 \u00a0Valor Unit\u00e1rio: R$ 95,00<\/p>\n","protected":false},"featured_media":732,"comment_status":"open","ping_status":"closed","template":"","meta":[],"product_cat":[34,40],"product_tag":[75,87],"jetpack_sharing_enabled":true,"_links":{"self":[{"href":"https:\/\/redsul.com.br\/rs\/wp-json\/wp\/v2\/product\/309"}],"collection":[{"href":"https:\/\/redsul.com.br\/rs\/wp-json\/wp\/v2\/product"}],"about":[{"href":"https:\/\/redsul.com.br\/rs\/wp-json\/wp\/v2\/types\/product"}],"replies":[{"embeddable":true,"href":"https:\/\/redsul.com.br\/rs\/wp-json\/wp\/v2\/comments?post=309"}],"wp:featuredmedia":[{"embeddable":true,"href":"https:\/\/redsul.com.br\/rs\/wp-json\/wp\/v2\/media\/732"}],"wp:attachment":[{"href":"https:\/\/redsul.com.br\/rs\/wp-json\/wp\/v2\/media?parent=309"}],"wp:term":[{"taxonomy":"product_cat","embeddable":true,"href":"https:\/\/redsul.com.br\/rs\/wp-json\/wp\/v2\/product_cat?post=309"},{"taxonomy":"product_tag","embeddable":true,"href":"https:\/\/redsul.com.br\/rs\/wp-json\/wp\/v2\/product_tag?post=309"}],"curies":[{"name":"wp","href":"https:\/\/api.w.org\/{rel}","templated":true}]}}