{"id":313,"date":"2019-03-28T13:03:14","date_gmt":"2019-03-28T13:03:14","guid":{"rendered":"http:\/\/redsul.com.br\/rs\/?post_type=product&#038;p=313"},"modified":"2025-04-15T13:36:06","modified_gmt":"2025-04-15T13:36:06","slug":"aditom","status":"publish","type":"product","link":"https:\/\/redsul.com.br\/rs\/product\/aditom\/","title":{"rendered":"Aditivo antioxidante e Refrigerante ADITOM"},"content":{"rendered":"<div id=\"dslc-theme-content\"><div id=\"dslc-theme-content-inner\"><\/div><\/div>","protected":false},"excerpt":{"rendered":"<p class=\"m_5828754076005085092MsoListParagraph\">.\u00a0 \u00a0 \u00a0 Aditivo antioxidante e refrigerante, embalagem 1 litro, ref. Aditom, marca Redsul<u><\/u><u><\/u><\/p>\n<p class=\"m_5828754076005085092MsoListParagraph\"><u><\/u>.\u00a0 \u00a0 \u00a0 Propor\u00e7\u00e3o de 1 litro para 40 litros de \u00e1gua<u><\/u><u><\/u><\/p>\n<p class=\"m_5828754076005085092MsoListParagraph\"><u><\/u>.\u00a0 \u00a0 \u00a0 Aplica\u00e7\u00e3o : usado em cortadeira metalogr\u00e1fico<u><\/u><u><\/u><\/p>\n<p class=\"m_5828754076005085092MsoListParagraph\"><u><\/u>.\u00a0 \u00a0 \u00a0 Valor Unit\u00e1rio: R$ 42,00<\/p>\n","protected":false},"featured_media":727,"comment_status":"open","ping_status":"closed","template":"","meta":[],"product_cat":[34,37],"product_tag":[64,87],"jetpack_sharing_enabled":true,"_links":{"self":[{"href":"https:\/\/redsul.com.br\/rs\/wp-json\/wp\/v2\/product\/313"}],"collection":[{"href":"https:\/\/redsul.com.br\/rs\/wp-json\/wp\/v2\/product"}],"about":[{"href":"https:\/\/redsul.com.br\/rs\/wp-json\/wp\/v2\/types\/product"}],"replies":[{"embeddable":true,"href":"https:\/\/redsul.com.br\/rs\/wp-json\/wp\/v2\/comments?post=313"}],"wp:featuredmedia":[{"embeddable":true,"href":"https:\/\/redsul.com.br\/rs\/wp-json\/wp\/v2\/media\/727"}],"wp:attachment":[{"href":"https:\/\/redsul.com.br\/rs\/wp-json\/wp\/v2\/media?parent=313"}],"wp:term":[{"taxonomy":"product_cat","embeddable":true,"href":"https:\/\/redsul.com.br\/rs\/wp-json\/wp\/v2\/product_cat?post=313"},{"taxonomy":"product_tag","embeddable":true,"href":"https:\/\/redsul.com.br\/rs\/wp-json\/wp\/v2\/product_tag?post=313"}],"curies":[{"name":"wp","href":"https:\/\/api.w.org\/{rel}","templated":true}]}}