{"id":318,"date":"2019-03-28T13:10:40","date_gmt":"2019-03-28T13:10:40","guid":{"rendered":"http:\/\/redsul.com.br\/rs\/?post_type=product&#038;p=318"},"modified":"2025-04-15T13:34:44","modified_gmt":"2025-04-15T13:34:44","slug":"resina-acrilica-transparente","status":"publish","type":"product","link":"https:\/\/redsul.com.br\/rs\/product\/resina-acrilica-transparente\/","title":{"rendered":"Resina Acr\u00edlica Transparente &#8211; ACR\u00cdLICA 1"},"content":{"rendered":"<div id=\"dslc-theme-content\"><div id=\"dslc-theme-content-inner\"><\/div><\/div>","protected":false},"excerpt":{"rendered":"<p class=\"m_8608492090129979251MsoListParagraph\">.\u00a0 \u00a0 \u00a0 \u00a0Resina acr\u00edlica transparente, embalagem 1 kilo, marca Redsul<u><\/u><u><\/u><\/p>\n<p class=\"m_8608492090129979251MsoListParagraph\"><u><\/u>.\u00a0 \u00a0 \u00a0 \u00a0Aplica\u00e7\u00e3o: embutimento metalogr\u00e1fico a quente ou a frio, com catalisador<\/p>\n<p class=\"m_8608492090129979251MsoListParagraph\"><u><\/u><u><\/u><u><\/u>.\u00a0 \u00a0 \u00a0 \u00a0Valor Unit\u00e1rio: R$ 285,00<\/p>\n","protected":false},"featured_media":742,"comment_status":"open","ping_status":"closed","template":"","meta":[],"product_cat":[34,38],"product_tag":[65,87,71],"jetpack_sharing_enabled":true,"_links":{"self":[{"href":"https:\/\/redsul.com.br\/rs\/wp-json\/wp\/v2\/product\/318"}],"collection":[{"href":"https:\/\/redsul.com.br\/rs\/wp-json\/wp\/v2\/product"}],"about":[{"href":"https:\/\/redsul.com.br\/rs\/wp-json\/wp\/v2\/types\/product"}],"replies":[{"embeddable":true,"href":"https:\/\/redsul.com.br\/rs\/wp-json\/wp\/v2\/comments?post=318"}],"wp:featuredmedia":[{"embeddable":true,"href":"https:\/\/redsul.com.br\/rs\/wp-json\/wp\/v2\/media\/742"}],"wp:attachment":[{"href":"https:\/\/redsul.com.br\/rs\/wp-json\/wp\/v2\/media?parent=318"}],"wp:term":[{"taxonomy":"product_cat","embeddable":true,"href":"https:\/\/redsul.com.br\/rs\/wp-json\/wp\/v2\/product_cat?post=318"},{"taxonomy":"product_tag","embeddable":true,"href":"https:\/\/redsul.com.br\/rs\/wp-json\/wp\/v2\/product_tag?post=318"}],"curies":[{"name":"wp","href":"https:\/\/api.w.org\/{rel}","templated":true}]}}