{"id":342,"date":"2019-03-28T14:50:24","date_gmt":"2019-03-28T14:50:24","guid":{"rendered":"http:\/\/redsul.com.br\/rs\/?post_type=product&#038;p=342"},"modified":"2025-04-15T13:31:34","modified_gmt":"2025-04-15T13:31:34","slug":"disco-de-corte-ref-230-15-25hrc-t-25-unidades","status":"publish","type":"product","link":"https:\/\/redsul.com.br\/rs\/product\/disco-de-corte-ref-230-15-25hrc-t-25-unidades\/","title":{"rendered":"Disco de Corte &#8211; 50 Unidades REF. 230.15-25HRC-T"},"content":{"rendered":"<div id=\"dslc-theme-content\"><div id=\"dslc-theme-content-inner\"><p>&nbsp;<\/p>\n<p>&nbsp;<\/p>\n<p>&nbsp;<\/p>\n<\/div><\/div>","protected":false},"excerpt":{"rendered":"<p class=\"m_-3684286501267899883MsoListParagraph\">.\u00a0 \u00a0 \u00a0 \u00a0Disco de corte metalogr\u00e1fico, dimens\u00f5es: \u00a0\u00d8 230X1,5X32mm, marca Redsul<u><\/u><u><\/u><\/p>\n<p class=\"m_-3684286501267899883MsoListParagraph\"><u><\/u>.\u00a0 \u00a0 \u00a0 \u00a0Produzido de \u00f3xido de alum\u00ednio com uma tela central<\/p>\n<p class=\"m_-3684286501267899883MsoListParagraph\">.\u00a0 \u00a0 \u00a0 \u00a0Aplica\u00e7\u00e3o : A\u00c7OS na faixa de 15 a 25 HRC<\/p>\n<p>.\u00a0 \u00a0 \u00a0 \u00a0Pacote fechado com 50 unidades : R$ 850,00<\/p>\n<p>.\u00a0 \u00a0 \u00a0 \u00a0Valor Unit\u00e1rio : R$ 17,00<\/p>\n<p>.\u00a0 \u00a0 \u00a0 \u00a0Vers\u00f5es de di\u00e2metro de 19mm, 22mm e 32mm<\/p>\n<p><em>FOTO MERAMENTE ILUSTRATIVA<\/em><\/p>\n<p>&nbsp;<\/p>\n","protected":false},"featured_media":779,"comment_status":"open","ping_status":"closed","template":"","meta":[],"product_cat":[34,37],"product_tag":[67,68],"jetpack_sharing_enabled":true,"_links":{"self":[{"href":"https:\/\/redsul.com.br\/rs\/wp-json\/wp\/v2\/product\/342"}],"collection":[{"href":"https:\/\/redsul.com.br\/rs\/wp-json\/wp\/v2\/product"}],"about":[{"href":"https:\/\/redsul.com.br\/rs\/wp-json\/wp\/v2\/types\/product"}],"replies":[{"embeddable":true,"href":"https:\/\/redsul.com.br\/rs\/wp-json\/wp\/v2\/comments?post=342"}],"wp:featuredmedia":[{"embeddable":true,"href":"https:\/\/redsul.com.br\/rs\/wp-json\/wp\/v2\/media\/779"}],"wp:attachment":[{"href":"https:\/\/redsul.com.br\/rs\/wp-json\/wp\/v2\/media?parent=342"}],"wp:term":[{"taxonomy":"product_cat","embeddable":true,"href":"https:\/\/redsul.com.br\/rs\/wp-json\/wp\/v2\/product_cat?post=342"},{"taxonomy":"product_tag","embeddable":true,"href":"https:\/\/redsul.com.br\/rs\/wp-json\/wp\/v2\/product_tag?post=342"}],"curies":[{"name":"wp","href":"https:\/\/api.w.org\/{rel}","templated":true}]}}