{"id":587,"date":"2019-09-17T17:59:31","date_gmt":"2019-09-17T17:59:31","guid":{"rendered":"http:\/\/redsul.com.br\/rs\/?post_type=product&#038;p=587"},"modified":"2025-04-15T13:19:40","modified_gmt":"2025-04-15T13:19:40","slug":"resina-fenolica-baquelite-baquel-preta-25","status":"publish","type":"product","link":"https:\/\/redsul.com.br\/rs\/product\/resina-fenolica-baquelite-baquel-preta-25\/","title":{"rendered":"Resina Fen\u00f3lica Baquelite &#8211; BAQUEL PRETA 25"},"content":{"rendered":"<div id=\"dslc-theme-content\"><div id=\"dslc-theme-content-inner\"><\/div><\/div>","protected":false},"excerpt":{"rendered":"<p class=\"m_-1950708229585867129MsoListParagraph\">.\u00a0 \u00a0 \u00a0 \u00a0Resina fen\u00f3lica baquelite, cor preta, embalagem 25 kilos, marca Redsul<u><\/u><u><\/u><\/p>\n<p class=\"m_-1950708229585867129MsoListParagraph\"><u><\/u>.\u00a0 \u00a0 \u00a0 \u00a0Aplica\u00e7\u00e3o: embutimento metalogr\u00e1fico a quente<u><\/u><\/p>\n<p class=\"m_-1950708229585867129MsoListParagraph\"><u><\/u>.\u00a0 \u00a0 \u00a0 \u00a0Valor Unit\u00e1rio: R$ 1.380,00<\/p>\n<p><em>Foto meramente ilustrativa<\/em><\/p>\n","protected":false},"featured_media":741,"comment_status":"open","ping_status":"closed","template":"","meta":[],"product_cat":[34,38],"product_tag":[70,87,71],"jetpack_sharing_enabled":true,"_links":{"self":[{"href":"https:\/\/redsul.com.br\/rs\/wp-json\/wp\/v2\/product\/587"}],"collection":[{"href":"https:\/\/redsul.com.br\/rs\/wp-json\/wp\/v2\/product"}],"about":[{"href":"https:\/\/redsul.com.br\/rs\/wp-json\/wp\/v2\/types\/product"}],"replies":[{"embeddable":true,"href":"https:\/\/redsul.com.br\/rs\/wp-json\/wp\/v2\/comments?post=587"}],"wp:featuredmedia":[{"embeddable":true,"href":"https:\/\/redsul.com.br\/rs\/wp-json\/wp\/v2\/media\/741"}],"wp:attachment":[{"href":"https:\/\/redsul.com.br\/rs\/wp-json\/wp\/v2\/media?parent=587"}],"wp:term":[{"taxonomy":"product_cat","embeddable":true,"href":"https:\/\/redsul.com.br\/rs\/wp-json\/wp\/v2\/product_cat?post=587"},{"taxonomy":"product_tag","embeddable":true,"href":"https:\/\/redsul.com.br\/rs\/wp-json\/wp\/v2\/product_tag?post=587"}],"curies":[{"name":"wp","href":"https:\/\/api.w.org\/{rel}","templated":true}]}}