{"id":598,"date":"2019-09-24T19:16:09","date_gmt":"2019-09-24T19:16:09","guid":{"rendered":"http:\/\/redsul.com.br\/rs\/?post_type=product&#038;p=598"},"modified":"2025-04-15T12:56:43","modified_gmt":"2025-04-15T12:56:43","slug":"catalisador-para-embutimento-a-frio-catalisador-2","status":"publish","type":"product","link":"https:\/\/redsul.com.br\/rs\/product\/catalisador-para-embutimento-a-frio-catalisador-2\/","title":{"rendered":"Catalisador para Embutimento \u00e0 frio &#8211; CATALISADOR 2"},"content":{"rendered":"<div id=\"dslc-theme-content\"><div id=\"dslc-theme-content-inner\"><\/div><\/div>","protected":false},"excerpt":{"rendered":"<p class=\"m_8608492090129979251MsoListParagraph\">.\u00a0 \u00a0 \u00a0 \u00a0Catalisador l\u00edquido, embalagem 500 ml, ref. Catalisador 2, marca Redsul<u><\/u><u><\/u><\/p>\n<p class=\"m_8608492090129979251MsoListParagraph\"><u><\/u>.\u00a0 \u00a0 \u00a0 \u00a0Aplica\u00e7\u00e3o : embutimento metalogr\u00e1fico \u00e0 frio com resina Acr\u00edlica 2<\/p>\n<p class=\"m_8608492090129979251MsoListParagraph\"><u><\/u><u><\/u><u><\/u>.\u00a0 \u00a0 \u00a0 \u00a0Valor Unit\u00e1rio : R$ 145,00<\/p>\n","protected":false},"featured_media":895,"comment_status":"open","ping_status":"closed","template":"","meta":[],"product_cat":[34,38],"product_tag":[79,87,71],"jetpack_sharing_enabled":true,"_links":{"self":[{"href":"https:\/\/redsul.com.br\/rs\/wp-json\/wp\/v2\/product\/598"}],"collection":[{"href":"https:\/\/redsul.com.br\/rs\/wp-json\/wp\/v2\/product"}],"about":[{"href":"https:\/\/redsul.com.br\/rs\/wp-json\/wp\/v2\/types\/product"}],"replies":[{"embeddable":true,"href":"https:\/\/redsul.com.br\/rs\/wp-json\/wp\/v2\/comments?post=598"}],"wp:featuredmedia":[{"embeddable":true,"href":"https:\/\/redsul.com.br\/rs\/wp-json\/wp\/v2\/media\/895"}],"wp:attachment":[{"href":"https:\/\/redsul.com.br\/rs\/wp-json\/wp\/v2\/media?parent=598"}],"wp:term":[{"taxonomy":"product_cat","embeddable":true,"href":"https:\/\/redsul.com.br\/rs\/wp-json\/wp\/v2\/product_cat?post=598"},{"taxonomy":"product_tag","embeddable":true,"href":"https:\/\/redsul.com.br\/rs\/wp-json\/wp\/v2\/product_tag?post=598"}],"curies":[{"name":"wp","href":"https:\/\/api.w.org\/{rel}","templated":true}]}}