{"id":610,"date":"2019-09-24T20:01:38","date_gmt":"2019-09-24T20:01:38","guid":{"rendered":"http:\/\/redsul.com.br\/rs\/?post_type=product&#038;p=610"},"modified":"2025-04-15T12:56:08","modified_gmt":"2025-04-15T12:56:08","slug":"pano-de-polimento-ppd-f","status":"publish","type":"product","link":"https:\/\/redsul.com.br\/rs\/product\/pano-de-polimento-ppd-f\/","title":{"rendered":"Pano de Polimento com Diamante PPD-F"},"content":{"rendered":"<div id=\"dslc-theme-content\"><div id=\"dslc-theme-content-inner\"><\/div><\/div>","protected":false},"excerpt":{"rendered":"<p class=\"m_7981401523139716414MsoListParagraph\">\u00a0.\u00a0 \u00a0 \u00a0<u><\/u>Pano de polimento, cor vermelha, ref. PPD-F, marca Redsul<\/p>\n<p class=\"m_7981401523139716414MsoListParagraph\">.\u00a0 \u00a0 \u00a0 Di\u00e2metro 200 mm, costa adesiva , pacote com 5 unidades<u><\/u><\/p>\n<p class=\"m_7981401523139716414MsoListParagraph\"><u><\/u>.\u00a0 \u00a0 \u00a0 Aplica\u00e7\u00e3o : polimento metalogr\u00e1fico com pasta de diamante de 1\/4, 1 e 3 microns<\/p>\n<p class=\"m_7981401523139716414MsoListParagraph\"><u><\/u>.\u00a0 \u00a0 \u00a0Valor do Pacote: R$ 155,00<\/p>\n","protected":false},"featured_media":745,"comment_status":"open","ping_status":"closed","template":"","meta":[],"product_cat":[34,40],"product_tag":[87,89,88],"jetpack_sharing_enabled":true,"_links":{"self":[{"href":"https:\/\/redsul.com.br\/rs\/wp-json\/wp\/v2\/product\/610"}],"collection":[{"href":"https:\/\/redsul.com.br\/rs\/wp-json\/wp\/v2\/product"}],"about":[{"href":"https:\/\/redsul.com.br\/rs\/wp-json\/wp\/v2\/types\/product"}],"replies":[{"embeddable":true,"href":"https:\/\/redsul.com.br\/rs\/wp-json\/wp\/v2\/comments?post=610"}],"wp:featuredmedia":[{"embeddable":true,"href":"https:\/\/redsul.com.br\/rs\/wp-json\/wp\/v2\/media\/745"}],"wp:attachment":[{"href":"https:\/\/redsul.com.br\/rs\/wp-json\/wp\/v2\/media?parent=610"}],"wp:term":[{"taxonomy":"product_cat","embeddable":true,"href":"https:\/\/redsul.com.br\/rs\/wp-json\/wp\/v2\/product_cat?post=610"},{"taxonomy":"product_tag","embeddable":true,"href":"https:\/\/redsul.com.br\/rs\/wp-json\/wp\/v2\/product_tag?post=610"}],"curies":[{"name":"wp","href":"https:\/\/api.w.org\/{rel}","templated":true}]}}