{"id":611,"date":"2019-09-24T20:03:57","date_gmt":"2019-09-24T20:03:57","guid":{"rendered":"http:\/\/redsul.com.br\/rs\/?post_type=product&#038;p=611"},"modified":"2025-04-15T12:55:56","modified_gmt":"2025-04-15T12:55:56","slug":"pano-de-polimento-ppd-r","status":"publish","type":"product","link":"https:\/\/redsul.com.br\/rs\/product\/pano-de-polimento-ppd-r\/","title":{"rendered":"Pano de Polimento com Diamante PPD-R"},"content":{"rendered":"<div id=\"dslc-theme-content\"><div id=\"dslc-theme-content-inner\"><\/div><\/div>","protected":false},"excerpt":{"rendered":"<p class=\"m_7981401523139716414MsoListParagraph\">\u00a0.\u00a0 \u00a0 \u00a0<u><\/u>Pano de polimento, cor marron, ref. PPD-R, marca Redsul<\/p>\n<p class=\"m_7981401523139716414MsoListParagraph\">.\u00a0 \u00a0 \u00a0 Di\u00e2metro 200 mm, costa adesiva , pacote com 5 unidades<u><\/u><\/p>\n<p class=\"m_7981401523139716414MsoListParagraph\"><u><\/u>.\u00a0 \u00a0 \u00a0 Aplica\u00e7\u00e3o : polimento metalogr\u00e1fico com pasta de diamante de 6, 9 e 15 microns<\/p>\n<p class=\"m_7981401523139716414MsoListParagraph\"><u><\/u>.\u00a0 \u00a0 \u00a0Valor do Pacote: R$ 155,00<\/p>\n","protected":false},"featured_media":746,"comment_status":"open","ping_status":"closed","template":"","meta":[],"product_cat":[34,40],"product_tag":[87,89,88],"jetpack_sharing_enabled":true,"_links":{"self":[{"href":"https:\/\/redsul.com.br\/rs\/wp-json\/wp\/v2\/product\/611"}],"collection":[{"href":"https:\/\/redsul.com.br\/rs\/wp-json\/wp\/v2\/product"}],"about":[{"href":"https:\/\/redsul.com.br\/rs\/wp-json\/wp\/v2\/types\/product"}],"replies":[{"embeddable":true,"href":"https:\/\/redsul.com.br\/rs\/wp-json\/wp\/v2\/comments?post=611"}],"wp:featuredmedia":[{"embeddable":true,"href":"https:\/\/redsul.com.br\/rs\/wp-json\/wp\/v2\/media\/746"}],"wp:attachment":[{"href":"https:\/\/redsul.com.br\/rs\/wp-json\/wp\/v2\/media?parent=611"}],"wp:term":[{"taxonomy":"product_cat","embeddable":true,"href":"https:\/\/redsul.com.br\/rs\/wp-json\/wp\/v2\/product_cat?post=611"},{"taxonomy":"product_tag","embeddable":true,"href":"https:\/\/redsul.com.br\/rs\/wp-json\/wp\/v2\/product_tag?post=611"}],"curies":[{"name":"wp","href":"https:\/\/api.w.org\/{rel}","templated":true}]}}