{"id":892,"date":"2021-06-17T12:05:17","date_gmt":"2021-06-17T12:05:17","guid":{"rendered":"https:\/\/redsul.com.br\/rs\/?post_type=product&#038;p=892"},"modified":"2023-08-16T11:40:21","modified_gmt":"2023-08-16T11:40:21","slug":"microscopio-metalografico-tipo-platina-invertida-marca-insize","status":"publish","type":"product","link":"https:\/\/redsul.com.br\/rs\/product\/microscopio-metalografico-tipo-platina-invertida-marca-insize\/","title":{"rendered":"Microsc\u00f3pio Metalogr\u00e1fico, Platina Invertida, ref. ISM-M1000, marca Insize"},"content":{"rendered":"<div id=\"dslc-theme-content\"><div id=\"dslc-theme-content-inner\"><p>&nbsp;<\/p>\n<ul>\n<li>Para an\u00e1lise metal\u00fargica ou observa\u00e7\u00f5es com alta amplia\u00e7\u00e3o;<\/li>\n<li>Sistema de ilumina\u00e7\u00e3o tipo Kohle que proporciona campo de ilumina\u00e7\u00e3o uniforme;<\/li>\n<li>Objetivas de 20X, 40X e 100X possuem retra\u00e7\u00e3o para evitar dano;<\/li>\n<li>Par de Oculares de 10X, campo visual \u00d8 18 mm;<\/li>\n<li>Ilumina\u00e7\u00e3o com l\u00e2mpada de halog\u00eaneo de 6V\/20W.<\/li>\n<\/ul>\n<\/div><\/div>","protected":false},"excerpt":{"rendered":"<p>ESPECIFICA\u00c7\u00d5ES<\/p>\n<ul>\n<li>Ocular 10X (Campo visual: \u00d8 18mm);<\/li>\n<li>Objetivas(plana acrom\u00e1tica) : 20X, 40X e 100X(tipo \u00f3leo);<\/li>\n<li>Abertura das objetivas: 0,25 &#8211; 0,40 &#8211; 0,60 &#8211; 1,25;<\/li>\n<li>Dist\u00e2ncia de trabalho: 8.8mm, 8.6mm, 3.3mm, 0.33mm;<\/li>\n<li>Amplia\u00e7\u00f5es de 200x, 400x e 1.000x;<\/li>\n<li>Mesa revestida com dupla camada de prote\u00e7\u00e3o, tamanho 180x150mm, deslocamento 15x15mm;<\/li>\n<li>Dist\u00e2ncia inter pupilar 50-75mm(ajust\u00e1vel);<\/li>\n<li>Ilumina\u00e7\u00e3o com l\u00e2mpada de halog\u00eaneo de 6V\/20W;<\/li>\n<li>Dimens\u00f5es(LxWxH) 385X300X440mm;<\/li>\n<li>Peso 11kg.<\/li>\n<\/ul>\n<p>ITENS INCLUSOS NO FORNECIMENTO<\/p>\n<ul>\n<li>Microsc\u00f3pio &#8211; 1 p\u00e7;<\/li>\n<li>\u00d3leo para objetiva PL100x &#8211; 1 frasco;<\/li>\n<li>Capa de prote\u00e7\u00e3o &#8211; 1p\u00e7;<\/li>\n<li>Filtros(azul\/ verde\/amarelo) &#8211; 1 pe\u00e7a de cada<\/li>\n<\/ul>\n<p>ACESS\u00d3RIOS OPCIONAIS<\/p>\n<ul>\n<li>Objetiva de 10X com ret\u00edculo (0.1mm\/div) &#8211; ISM-MTM-EPD10X;<\/li>\n<li>Adaptador para c\u00e2mera(1X) &#8211; ISM-MTM-ADAPTER;<\/li>\n<li>C\u00e2mera digital 5 Mega pixels &#8211; ISM-D500;<\/li>\n<li>Objetiva : PL50X &#8211; ISM-MTM-OB50X;<\/li>\n<li>Objetiva : PL60X &#8211; ISM-MTM-OB60X;<\/li>\n<li>Objetiva : PL80X &#8211; ISM-MTM-OB80X;<\/li>\n<li>Objetiva : PL100X(tipo seca) &#8211; ISM-MTM-OB100X.<\/li>\n<\/ul>\n","protected":false},"featured_media":893,"comment_status":"open","ping_status":"closed","template":"","meta":[],"product_cat":[101,118],"product_tag":[87,109],"jetpack_sharing_enabled":true,"_links":{"self":[{"href":"https:\/\/redsul.com.br\/rs\/wp-json\/wp\/v2\/product\/892"}],"collection":[{"href":"https:\/\/redsul.com.br\/rs\/wp-json\/wp\/v2\/product"}],"about":[{"href":"https:\/\/redsul.com.br\/rs\/wp-json\/wp\/v2\/types\/product"}],"replies":[{"embeddable":true,"href":"https:\/\/redsul.com.br\/rs\/wp-json\/wp\/v2\/comments?post=892"}],"wp:featuredmedia":[{"embeddable":true,"href":"https:\/\/redsul.com.br\/rs\/wp-json\/wp\/v2\/media\/893"}],"wp:attachment":[{"href":"https:\/\/redsul.com.br\/rs\/wp-json\/wp\/v2\/media?parent=892"}],"wp:term":[{"taxonomy":"product_cat","embeddable":true,"href":"https:\/\/redsul.com.br\/rs\/wp-json\/wp\/v2\/product_cat?post=892"},{"taxonomy":"product_tag","embeddable":true,"href":"https:\/\/redsul.com.br\/rs\/wp-json\/wp\/v2\/product_tag?post=892"}],"curies":[{"name":"wp","href":"https:\/\/api.w.org\/{rel}","templated":true}]}}