{"id":909,"date":"2021-09-13T17:53:14","date_gmt":"2021-09-13T17:53:14","guid":{"rendered":"https:\/\/redsul.com.br\/rs\/?post_type=product&#038;p=909"},"modified":"2023-08-16T11:40:07","modified_gmt":"2023-08-16T11:40:07","slug":"microscopio-de-medicao-portatil-ref-ism-pm100-marca-insize","status":"publish","type":"product","link":"https:\/\/redsul.com.br\/rs\/product\/microscopio-de-medicao-portatil-ref-ism-pm100-marca-insize\/","title":{"rendered":"Microsc\u00f3pio de Medi\u00e7\u00e3o Port\u00e1til , ref. ISM-PM100, marca Insize"},"content":{"rendered":"<div id=\"dslc-theme-content\"><div id=\"dslc-theme-content-inner\"><p>&nbsp;<\/p>\n<p>&nbsp;<\/p>\n<\/div><\/div>","protected":false},"excerpt":{"rendered":"<p>ESPECIFICA\u00c7\u00d5ES<\/p>\n<ul>\n<li>Amplia\u00e7\u00e3o total de 100X;<\/li>\n<li>Ocular 10X com gradua\u00e7\u00e3o;<\/li>\n<li>Objetiva(acrom\u00e1tica) : 10X;<\/li>\n<li>Abertura da objetiva 0,25;<\/li>\n<li>Dist\u00e2ncia de trabalho: 7mm;<\/li>\n<li>Campo de vis\u00e3o \u00d8 1.8mm;<\/li>\n<li>Gradua\u00e7\u00e3o 0.01mm;<\/li>\n<li>Ilumina\u00e7\u00e3o Luz de LED;<\/li>\n<li>Di\u00e2metro da base \u00d8 63mm;<\/li>\n<li>Altura 210mm;<\/li>\n<li>Peso 650 gr.<\/li>\n<\/ul>\n<p>ITENS INCLUSOS NO FORNECIMENTO<\/p>\n<ul>\n<li>Microsc\u00f3pio &#8211; 1 p\u00e7;<\/li>\n<li>Iluminador &#8211; 1 p\u00e7;<\/li>\n<li>Bateria (tipo AAA) &#8211; 3 p\u00e7s.<\/li>\n<\/ul>\n","protected":false},"featured_media":910,"comment_status":"open","ping_status":"closed","template":"","meta":[],"product_cat":[101,118],"product_tag":[87,109],"jetpack_sharing_enabled":true,"_links":{"self":[{"href":"https:\/\/redsul.com.br\/rs\/wp-json\/wp\/v2\/product\/909"}],"collection":[{"href":"https:\/\/redsul.com.br\/rs\/wp-json\/wp\/v2\/product"}],"about":[{"href":"https:\/\/redsul.com.br\/rs\/wp-json\/wp\/v2\/types\/product"}],"replies":[{"embeddable":true,"href":"https:\/\/redsul.com.br\/rs\/wp-json\/wp\/v2\/comments?post=909"}],"wp:featuredmedia":[{"embeddable":true,"href":"https:\/\/redsul.com.br\/rs\/wp-json\/wp\/v2\/media\/910"}],"wp:attachment":[{"href":"https:\/\/redsul.com.br\/rs\/wp-json\/wp\/v2\/media?parent=909"}],"wp:term":[{"taxonomy":"product_cat","embeddable":true,"href":"https:\/\/redsul.com.br\/rs\/wp-json\/wp\/v2\/product_cat?post=909"},{"taxonomy":"product_tag","embeddable":true,"href":"https:\/\/redsul.com.br\/rs\/wp-json\/wp\/v2\/product_tag?post=909"}],"curies":[{"name":"wp","href":"https:\/\/api.w.org\/{rel}","templated":true}]}}