{"id":911,"date":"2021-09-13T18:29:05","date_gmt":"2021-09-13T18:29:05","guid":{"rendered":"https:\/\/redsul.com.br\/rs\/?post_type=product&#038;p=911"},"modified":"2024-11-12T20:24:05","modified_gmt":"2024-11-12T20:24:05","slug":"microscopio-de-medicao-ref-ism-pm200-marca-insize","status":"publish","type":"product","link":"https:\/\/redsul.com.br\/rs\/product\/microscopio-de-medicao-ref-ism-pm200-marca-insize\/","title":{"rendered":"Microsc\u00f3pio Digital de Medi\u00e7\u00e3o, ref. ISM-PM200, marca Insize"},"content":{"rendered":"<div id=\"dslc-theme-content\"><div id=\"dslc-theme-content-inner\"><p>&nbsp;<\/p>\n<ul>\n<li>Pode-se obter fotos ou v\u00eddeos;<\/li>\n<li>Fornecido com software de medi\u00e7\u00e3o ( c\u00f3digo ISM-PRO);<\/li>\n<li>Computador\u00a0 n\u00e3o incluso.<\/li>\n<\/ul>\n<p>&nbsp;<\/p>\n<\/div><\/div>","protected":false},"excerpt":{"rendered":"<p>ESPECIFICA\u00c7\u00d5ES<\/p>\n<ul>\n<li>Amplia\u00e7\u00e3o :\u00a0 10X &#8211; 100X;<\/li>\n<li>Pixels : 1.3M(resolu\u00e7\u00e3o 1280&#215;1024);<\/li>\n<li>Ilumina\u00e7\u00e3o : Embutida e ajust\u00e1vel de LED;<\/li>\n<li>Alimenta\u00e7\u00e3o : via cabo USB 2.0(VOLTAGEM REQUERIDA 5+\/-0.1V).<\/li>\n<\/ul>\n<p>ITENS INCLUSOS NO FORNECIMENTO<\/p>\n<ul>\n<li>Microsc\u00f3pio Digital &#8211; 1 p\u00e7;<\/li>\n<li>Suporte com ajuste fino &#8211; 1 p\u00e7;<\/li>\n<li>Placa de apoio branca-preta &#8211; 1 p\u00e7;<\/li>\n<li>Suporte para foco manual para 80x\/150x &#8211; 1p\u00e7;<\/li>\n<li>Suporte para foco manual para 60x\/200x &#8211; 1p\u00e7;<\/li>\n<li>Escala de calibra\u00e7\u00e3o (gradua\u00e7\u00e3o 0.1mm) &#8211; 1p\u00e7;<\/li>\n<li>Software ISM-PRO(em CD) &#8211; 1 p\u00e7.<\/li>\n<\/ul>\n<p>AMPLIA\u00c7\u00c3O\u00a0 \u00a0 \u00a0 \u00a0 \u00a0DIST\u00c2NCIA\u00a0 FOCAL\u00a0 \u00a0 \u00a0CAMPO VISUAL\u00a0 \u00a0 EXADIT\u00c3O<\/p>\n<p>50X\u00a0 \u00a0 \u00a0 \u00a0 \u00a0 \u00a0 \u00a0 \u00a0 \u00a0 \u00a0 \u00a0 \u00a0 \u00a0 \u00a0 \u00a0 \u00a0 \u00a0 \u00a0 \u00a021mm\u00a0 \u00a0 \u00a0 \u00a0 \u00a0 \u00a0 \u00a0 \u00a0 \u00a0 \u00a0 \u00a0 \u00a0 \u00a0 \u00a0 \u00a0 8.1&#215;6.4mm\u00a0 \u00a0 \u00a0 \u00a0 \u00a0 \u00a0 30\u00b5m<\/p>\n<p>100x\u00a0 \u00a0 \u00a0 \u00a0 \u00a0 \u00a0 \u00a0 \u00a0 \u00a0 \u00a0 \u00a0 \u00a0 \u00a0 \u00a0 \u00a0 \u00a0 \u00a0 \u00a013mm\u00a0 \u00a0 \u00a0 \u00a0 \u00a0 \u00a0 \u00a0 \u00a0 \u00a0 \u00a0 \u00a0 \u00a0 \u00a0 \u00a0 \u00a0 3.9&#215;3.1mm\u00a0 \u00a0 \u00a0 \u00a0 \u00a0 \u00a0 \u00a015\u00b5m<\/p>\n<p>150x\u00a0 \u00a0 \u00a0 \u00a0 \u00a0 \u00a0 \u00a0 \u00a0 \u00a0 \u00a0 \u00a0 \u00a0 \u00a0 \u00a0 \u00a0 \u00a0 \u00a0 \u00a016mm\u00a0 \u00a0 \u00a0 \u00a0 \u00a0 \u00a0 \u00a0 \u00a0 \u00a0 \u00a0 \u00a0 \u00a0 \u00a0 \u00a0 \u00a0 2.6&#215;2.1mm\u00a0 \u00a0 \u00a0 \u00a0 \u00a0 \u00a0 \u00a010\u00b5m<\/p>\n<p>200x\u00a0 \u00a0 \u00a0 \u00a0 \u00a0 \u00a0 \u00a0 \u00a0 \u00a0 \u00a0 \u00a0 \u00a0 \u00a0 \u00a0 \u00a0 \u00a0 \u00a0 19mm\u00a0 \u00a0 \u00a0 \u00a0 \u00a0 \u00a0 \u00a0 \u00a0 \u00a0 \u00a0 \u00a0 \u00a0 \u00a0 \u00a0 \u00a0 1.8&#215;1.5mm\u00a0 \u00a0 \u00a0 \u00a0 \u00a0 \u00a0 \u00a0 \u00a08\u00b5m<\/p>\n","protected":false},"featured_media":912,"comment_status":"open","ping_status":"closed","template":"","meta":[],"product_cat":[101,118],"product_tag":[87,109],"jetpack_sharing_enabled":true,"_links":{"self":[{"href":"https:\/\/redsul.com.br\/rs\/wp-json\/wp\/v2\/product\/911"}],"collection":[{"href":"https:\/\/redsul.com.br\/rs\/wp-json\/wp\/v2\/product"}],"about":[{"href":"https:\/\/redsul.com.br\/rs\/wp-json\/wp\/v2\/types\/product"}],"replies":[{"embeddable":true,"href":"https:\/\/redsul.com.br\/rs\/wp-json\/wp\/v2\/comments?post=911"}],"wp:featuredmedia":[{"embeddable":true,"href":"https:\/\/redsul.com.br\/rs\/wp-json\/wp\/v2\/media\/912"}],"wp:attachment":[{"href":"https:\/\/redsul.com.br\/rs\/wp-json\/wp\/v2\/media?parent=911"}],"wp:term":[{"taxonomy":"product_cat","embeddable":true,"href":"https:\/\/redsul.com.br\/rs\/wp-json\/wp\/v2\/product_cat?post=911"},{"taxonomy":"product_tag","embeddable":true,"href":"https:\/\/redsul.com.br\/rs\/wp-json\/wp\/v2\/product_tag?post=911"}],"curies":[{"name":"wp","href":"https:\/\/api.w.org\/{rel}","templated":true}]}}